{"id":344,"date":"2022-10-27T11:52:12","date_gmt":"2022-10-27T09:52:12","guid":{"rendered":"https:\/\/www.zedis-hamburg.de\/?page_id=344"},"modified":"2022-10-27T11:52:29","modified_gmt":"2022-10-27T09:52:29","slug":"kompaktseminar-ist-das-systemrelevant-intersektionalitaet-und-gesellschaftspolitische-perspektiven","status":"publish","type":"page","link":"https:\/\/www.zedis-hamburg.de\/index.php\/veranstaltungen\/studium\/wintersemester-2016-17\/kompaktseminar-ist-das-systemrelevant-intersektionalitaet-und-gesellschaftspolitische-perspektiven\/","title":{"rendered":"Kompaktseminar &#8222;Ist das systemrelevant?! &#8211; Intersektionalit\u00e4t und gesellschaftspolitische Perspektiven&#8220;"},"content":{"rendered":"\n<p>Lehrbeauftragte: Doris Gerbig<\/p>\n\n\n\n<p>Kompaktseminar, Vorbesprechung,  Mi., 19.10., 15.00-16.30  Uhr<\/p>\n\n\n\n<p>Fr., 25.11.2016, 10.00-17.00 Uhr; Sa., 26.11.2016, 10.00-17.00 Uhr<br>Fr., 20.01.2017, 10.00-17.00 Uhr; Sa., 21.01.2017, 10.00-17.00 Uhr<br>Alle Termine finden in Raum EG 1 der Ev. Hochschule f\u00fcr Soziale Arbeit &amp; Diakonie, Horner Weg 170, 22111 Hamburg statt.<\/p>\n\n\n\n<p>Intersektionalit\u00e4t als Ansatz und Anspruch, Machtkategorien in ihrer vielseitigen Verwobenheit miteinander zu denken, bietet die M\u00f6glichkeit komplexer Analysen gesellschaftspolitischer Zusammenh\u00e4nge. Macht funktioniert in neoliberalen Zeiten und gekoppelt mit dem Mythos einer bereits erreichten Gleichstellung, auf der Basis von nicht hinterfragten Normen und (Regierungs-)Rationalit\u00e4ten. Diese sind durch ihre mediale Omnipr\u00e4senz gleichsam unsichtbar f\u00fcr alle, die den normativen Vorgaben einigerma\u00dfen entsprechen und sich anpassen k\u00f6nnen.<\/p>\n\n\n\n<p>Dass gesellschaftliche Realit\u00e4t aber genau davon abh\u00e4ngt, wie Individuen entlang der verschiedenen Machtkategorien positioniert sind, kann nur dann deutlich werden, wenn wir uns diese Verstrickungen genauer anschauen.<\/p>\n\n\n\n<p>Deutschland bietet hier ein perfektes Beispiel f\u00fcr die Ablenkung von Missst\u00e4nden: Inklusion als Schlagwort ist in aller Munde und trotz der Ratifizierung der UN-Behindertenrechtskonvention und einem offiziellen Hochhalten von Menschenrechten (Unrecht findet ja immer anderswo statt), werden diese hier auf vielen Ebenen tagt\u00e4glich verletzt.<\/p>\n\n\n\n<p>Doch allein um dies \u00fcberhaupt sehen und verstehen zu k\u00f6nnen, sind Werkzeuge zur Hinterfragung und ein Zugang zu kritischem Wissen n\u00f6tig, was beides in Zeiten wirtschaftlicher Effizienz-Umstrukturierung nicht einmal mehr an den Hochschulen vermittelt wird. Intersektionale Ans\u00e4tze und ihre Wurzeln im Black Feminism, sowie Disability Studies, Critical Whiteness und Queer Theory liefern die theoretischen Bausteine, um genau diesen Problemen der eigenen Gesellschaft auf die Spur zu kommen.<\/p>\n\n\n\n<p>Ziel dieses Seminars ist es also nicht nur, dass Studierende diese theoretischen Grundlagen kritischer Wissensproduktion kennenlernen, sondern eben auf deren Basis die eigenen Privilegien reflektieren und Handlungsm\u00f6glichkeiten entwickeln k\u00f6nnen.<\/p>\n","protected":false},"excerpt":{"rendered":"<p>Lehrbeauftragte: Doris Gerbig Kompaktseminar, Vorbesprechung, Mi., 19.10., 15.00-16.30 Uhr Fr., 25.11.2016, 10.00-17.00 Uhr; Sa., 26.11.2016, 10.00-17.00 UhrFr., 20.01.2017, 10.00-17.00 Uhr; Sa., 21.01.2017, 10.00-17.00 UhrAlle Termine&#8230;<\/p>\n<div class=\"more-link-wrapper\"><a class=\"more-link\" href=\"https:\/\/www.zedis-hamburg.de\/index.php\/veranstaltungen\/studium\/wintersemester-2016-17\/kompaktseminar-ist-das-systemrelevant-intersektionalitaet-und-gesellschaftspolitische-perspektiven\/\">Weiterlesen<span class=\"screen-reader-text\">Kompaktseminar &#8222;Ist das systemrelevant?! &#8211; Intersektionalit\u00e4t und gesellschaftspolitische Perspektiven&#8220;<\/span><\/a><\/div>\n","protected":false},"author":1,"featured_media":0,"parent":254,"menu_order":50,"comment_status":"closed","ping_status":"closed","template":"templates\/full-width.php","meta":{"inline_featured_image":false,"iawp_total_views":6,"footnotes":""},"class_list":["post-344","page","type-page","status-publish","hentry","entry"],"_links":{"self":[{"href":"https:\/\/www.zedis-hamburg.de\/index.php\/wp-json\/wp\/v2\/pages\/344","targetHints":{"allow":["GET"]}}],"collection":[{"href":"https:\/\/www.zedis-hamburg.de\/index.php\/wp-json\/wp\/v2\/pages"}],"about":[{"href":"https:\/\/www.zedis-hamburg.de\/index.php\/wp-json\/wp\/v2\/types\/page"}],"author":[{"embeddable":true,"href":"https:\/\/www.zedis-hamburg.de\/index.php\/wp-json\/wp\/v2\/users\/1"}],"replies":[{"embeddable":true,"href":"https:\/\/www.zedis-hamburg.de\/index.php\/wp-json\/wp\/v2\/comments?post=344"}],"version-history":[{"count":2,"href":"https:\/\/www.zedis-hamburg.de\/index.php\/wp-json\/wp\/v2\/pages\/344\/revisions"}],"predecessor-version":[{"id":355,"href":"https:\/\/www.zedis-hamburg.de\/index.php\/wp-json\/wp\/v2\/pages\/344\/revisions\/355"}],"up":[{"embeddable":true,"href":"https:\/\/www.zedis-hamburg.de\/index.php\/wp-json\/wp\/v2\/pages\/254"}],"wp:attachment":[{"href":"https:\/\/www.zedis-hamburg.de\/index.php\/wp-json\/wp\/v2\/media?parent=344"}],"curies":[{"name":"wp","href":"https:\/\/api.w.org\/{rel}","templated":true}]}}