{"id":431,"date":"2022-10-27T15:27:01","date_gmt":"2022-10-27T13:27:01","guid":{"rendered":"https:\/\/www.zedis-hamburg.de\/?page_id=431"},"modified":"2022-10-27T15:27:28","modified_gmt":"2022-10-27T13:27:28","slug":"seminar-disability-studies-intersektionalitaet","status":"publish","type":"page","link":"https:\/\/www.zedis-hamburg.de\/index.php\/veranstaltungen\/studium\/sommersemester-2021\/seminar-disability-studies-intersektionalitaet\/","title":{"rendered":"Seminar: Disability Studies &#038; Intersektionalit\u00e4t"},"content":{"rendered":"\n<p>Seminarleitung: Lars Bruhn und J\u00fcrgen Homann<\/p>\n\n\n\n<p>Termin: Do. und Fr., 19. und 20. August, jeweils 9.30-17.00 Uhr<\/p>\n\n\n\n<p>Dem Konzept der Intersektionalit\u00e4t ist es zu verdanken, jenseits von Identit\u00e4tspolitiken sichtbar gemacht zu haben, dass Unterdr\u00fcckung und Ausgrenzung als soziale, gesellschaftliche Praxis \u00fcberaus vielschichtig, komplex und mehrdimensional ist. Dem Konzept kann somit ein kritisch-emanzipatorisches Potential unterstellt werden. Gleichwohl muss der Einfluss auf Diversit\u00e4tsdiskurse hinterfragt werden, da in ihnen Behinderung als soziale Analysekategorie in Diversit\u00e4tsdiskursen immer wieder vom Tisch zu fallen droht. Wie lassen sich (Re-)Hierarchisierungen in Intersektionalit\u00e4tsdebatten vermeiden? Oder anders gefragt: Was k\u00f6nnen Disability Studies dazu beitragen?<\/p>\n","protected":false},"excerpt":{"rendered":"<p>Seminarleitung: Lars Bruhn und J\u00fcrgen Homann Termin: Do. und Fr., 19. und 20. August, jeweils 9.30-17.00 Uhr Dem Konzept der Intersektionalit\u00e4t ist es zu verdanken,&#8230;<\/p>\n<div class=\"more-link-wrapper\"><a class=\"more-link\" href=\"https:\/\/www.zedis-hamburg.de\/index.php\/veranstaltungen\/studium\/sommersemester-2021\/seminar-disability-studies-intersektionalitaet\/\">Weiterlesen<span class=\"screen-reader-text\">Seminar: Disability Studies &#038; Intersektionalit\u00e4t<\/span><\/a><\/div>\n","protected":false},"author":1,"featured_media":0,"parent":246,"menu_order":40,"comment_status":"closed","ping_status":"closed","template":"templates\/full-width.php","meta":{"inline_featured_image":false,"iawp_total_views":6,"footnotes":""},"class_list":["post-431","page","type-page","status-publish","hentry","entry"],"_links":{"self":[{"href":"https:\/\/www.zedis-hamburg.de\/index.php\/wp-json\/wp\/v2\/pages\/431","targetHints":{"allow":["GET"]}}],"collection":[{"href":"https:\/\/www.zedis-hamburg.de\/index.php\/wp-json\/wp\/v2\/pages"}],"about":[{"href":"https:\/\/www.zedis-hamburg.de\/index.php\/wp-json\/wp\/v2\/types\/page"}],"author":[{"embeddable":true,"href":"https:\/\/www.zedis-hamburg.de\/index.php\/wp-json\/wp\/v2\/users\/1"}],"replies":[{"embeddable":true,"href":"https:\/\/www.zedis-hamburg.de\/index.php\/wp-json\/wp\/v2\/comments?post=431"}],"version-history":[{"count":2,"href":"https:\/\/www.zedis-hamburg.de\/index.php\/wp-json\/wp\/v2\/pages\/431\/revisions"}],"predecessor-version":[{"id":440,"href":"https:\/\/www.zedis-hamburg.de\/index.php\/wp-json\/wp\/v2\/pages\/431\/revisions\/440"}],"up":[{"embeddable":true,"href":"https:\/\/www.zedis-hamburg.de\/index.php\/wp-json\/wp\/v2\/pages\/246"}],"wp:attachment":[{"href":"https:\/\/www.zedis-hamburg.de\/index.php\/wp-json\/wp\/v2\/media?parent=431"}],"curies":[{"name":"wp","href":"https:\/\/api.w.org\/{rel}","templated":true}]}}