{"id":443,"date":"2022-10-27T15:29:12","date_gmt":"2022-10-27T13:29:12","guid":{"rendered":"https:\/\/www.zedis-hamburg.de\/?page_id=443"},"modified":"2022-10-27T15:29:44","modified_gmt":"2022-10-27T13:29:44","slug":"ringvorlesung-inclusive-religions-beitraege-zum-diskriminierungspotential-von-religionen","status":"publish","type":"page","link":"https:\/\/www.zedis-hamburg.de\/index.php\/veranstaltungen\/studium\/wintersemester-2021-22\/ringvorlesung-inclusive-religions-beitraege-zum-diskriminierungspotential-von-religionen\/","title":{"rendered":"Ringvorlesung: Inclusive Religions!? Beitr\u00e4ge zum Diskriminierungspotential von Religionen"},"content":{"rendered":"\n<p>Veranstaltungsleitung: Lars Bruhn und J\u00fcrgen Homann<\/p>\n\n\n\n<p>Dienstags, 18.00 &#8211; 19.30 Uhr<\/p>\n\n\n\n<p>Welche Religion kann von sich behaupten, dass es in ihrem Namen nie je Mord und Totschlag gegeben habe? Aber auch in ihrer friedlichsten Form: Welche Religion kann von sich behaupten, nicht auszugrenzen &#8211; weder Andersgl\u00e4ubige noch Mitglieder der eigenen Glaubensgemeinschaft? Wie gehen sie mit Randgruppen um &#8211; beispielsweise mit Menschen, die von Behinderung betroffen sind? Die Beitr\u00e4ge der Vorlesungsreihe hinterfragen Religionen auf ihnen innewohnende diskriminierende Potentiale hin.<\/p>\n\n\n\n<p>Die einzelnen Termine finden digital als Zoom-Videokonferenz statt und werden von Schrift- und DGS-Dolmetscher*innen gedolmetscht.<\/p>\n\n\n\n<p>12.10.2021<br><strong>Einf\u00fchrungsveranstaltung<\/strong><br>Lars Bruhn und J\u00fcrgen Homann, ZeDiSplus<\/p>\n\n\n\n<p>26.10.2021<br><strong>Schma Jisrael!? Audismus in der j\u00fcdischen Religion aus tauber j\u00fcdischer Perspektive <\/strong><br>Mark Zaurov, Mag. art. Geb\u00e4rdensprache, Geschichte und P\u00e4dagogik, staatl. gepr\u00fcft. Dolmetscher f\u00fcr DGS und ASL, Doktorand am IDGS der Universit\u00e4t Hamburg<\/p>\n\n\n\n<p>14.12.2021<br><strong>Pluralit\u00e4t zwischen Inklusivismus und Exklusivismus<\/strong><br>Dr. Hureyre Kam, Wissenschaftlicher Mitarbeiter, Institut f\u00fcr Studien der Kultur und Religion des Islam, Goethe-Universit\u00e4t Frankfurt<\/p>\n\n\n\n<p>04.01.2022<br><strong>(Un)wichtige Glieder des Leibes? Queer und behindert in der Kirche<br><\/strong>Katharina Payk, Mag., ev. Theologin und Journalistin, Pfarrerin i.A., Evangelische Kirche A.B., \u00d6sterreich, Wien<\/p>\n\n\n\n<p>11.01.2022<br><strong>Die Evangelische Kirche und die Menschenrechteaus Sicht der LGBTIQ<br><\/strong>Sieghard Wilm, St. Pauli Pastor und Mitglied der Landessynode der Nordkirche, Hamburg<\/p>\n\n\n\n<p>18.01.2022<br><strong>Antisemitismus in einer religionspluralen Gesellschaft. Religionsp\u00e4dagogische Einsichten und Herausforderungen<br><\/strong>Prof. Dr. Ilona Nord, Institut f\u00fcr Evangelische Theologie, Religionsp\u00e4dagogik und Didaktik des Religionsunterrichts, Julius-Maximilians-Universit\u00e4t W\u00fcrzburg<\/p>\n\n\n\n<p>25.01.2022<br><strong>Religion, Behinderung und Diskriminierung: Welche Bedeutung haben christliche Religionen f\u00fcr Normalit\u00e4t und Ungleichheit?<br><\/strong>Dr. Ramona Jelinke-Menke, Institut f\u00fcr Sozialanthropologie und Religionswissenschaft, Philipps-Universit\u00e4t Marburg<\/p>\n","protected":false},"excerpt":{"rendered":"<p>Veranstaltungsleitung: Lars Bruhn und J\u00fcrgen Homann Dienstags, 18.00 &#8211; 19.30 Uhr Welche Religion kann von sich behaupten, dass es in ihrem Namen nie je Mord&#8230;<\/p>\n<div class=\"more-link-wrapper\"><a class=\"more-link\" href=\"https:\/\/www.zedis-hamburg.de\/index.php\/veranstaltungen\/studium\/wintersemester-2021-22\/ringvorlesung-inclusive-religions-beitraege-zum-diskriminierungspotential-von-religionen\/\">Weiterlesen<span class=\"screen-reader-text\">Ringvorlesung: Inclusive Religions!? Beitr\u00e4ge zum Diskriminierungspotential von Religionen<\/span><\/a><\/div>\n","protected":false},"author":1,"featured_media":0,"parent":238,"menu_order":10,"comment_status":"closed","ping_status":"closed","template":"templates\/full-width.php","meta":{"inline_featured_image":false,"iawp_total_views":28,"footnotes":""},"class_list":["post-443","page","type-page","status-publish","hentry","entry"],"_links":{"self":[{"href":"https:\/\/www.zedis-hamburg.de\/index.php\/wp-json\/wp\/v2\/pages\/443","targetHints":{"allow":["GET"]}}],"collection":[{"href":"https:\/\/www.zedis-hamburg.de\/index.php\/wp-json\/wp\/v2\/pages"}],"about":[{"href":"https:\/\/www.zedis-hamburg.de\/index.php\/wp-json\/wp\/v2\/types\/page"}],"author":[{"embeddable":true,"href":"https:\/\/www.zedis-hamburg.de\/index.php\/wp-json\/wp\/v2\/users\/1"}],"replies":[{"embeddable":true,"href":"https:\/\/www.zedis-hamburg.de\/index.php\/wp-json\/wp\/v2\/comments?post=443"}],"version-history":[{"count":2,"href":"https:\/\/www.zedis-hamburg.de\/index.php\/wp-json\/wp\/v2\/pages\/443\/revisions"}],"predecessor-version":[{"id":449,"href":"https:\/\/www.zedis-hamburg.de\/index.php\/wp-json\/wp\/v2\/pages\/443\/revisions\/449"}],"up":[{"embeddable":true,"href":"https:\/\/www.zedis-hamburg.de\/index.php\/wp-json\/wp\/v2\/pages\/238"}],"wp:attachment":[{"href":"https:\/\/www.zedis-hamburg.de\/index.php\/wp-json\/wp\/v2\/media?parent=443"}],"curies":[{"name":"wp","href":"https:\/\/api.w.org\/{rel}","templated":true}]}}