{"id":78,"date":"2022-10-19T14:56:38","date_gmt":"2022-10-19T12:56:38","guid":{"rendered":"https:\/\/www.zedis-hamburg.de\/?page_id=78"},"modified":"2022-11-14T15:47:40","modified_gmt":"2022-11-14T14:47:40","slug":"anne-venter","status":"publish","type":"page","link":"https:\/\/www.zedis-hamburg.de\/index.php\/ueber-uns\/personal\/anne-venter\/","title":{"rendered":"Anne Venter"},"content":{"rendered":"\n<div class=\"wp-block-columns is-layout-flex wp-container-core-columns-is-layout-9d6595d7 wp-block-columns-is-layout-flex\">\n<div class=\"wp-block-column is-layout-flow wp-block-column-is-layout-flow\" style=\"flex-basis:33.33%\">\n<figure class=\"wp-block-image size-full\"><img loading=\"lazy\" decoding=\"async\" width=\"500\" height=\"651\" src=\"https:\/\/www.zedis-hamburg.de\/wp-content\/uploads\/2022\/11\/Anne-Venter.jpg\" alt=\"Anne Venter\" class=\"wp-image-656\" srcset=\"https:\/\/www.zedis-hamburg.de\/wp-content\/uploads\/2022\/11\/Anne-Venter.jpg 500w, https:\/\/www.zedis-hamburg.de\/wp-content\/uploads\/2022\/11\/Anne-Venter-230x300.jpg 230w\" sizes=\"auto, (max-width: 500px) 100vw, 500px\" \/><\/figure>\n<\/div>\n\n\n\n<div class=\"wp-block-column is-layout-flow wp-block-column-is-layout-flow\" style=\"flex-basis:66.66%\">\n<h2 class=\"wp-block-heading\">Studium<\/h2>\n\n\n\n<ul class=\"wp-block-list\">\n<li><strong>2002 &#8211; 2006<\/strong><br>Studium der Sonderschulp\u00e4dagogik: Schwerh\u00f6rigen-, Geh\u00f6rlosen-, Lernbehindertenp\u00e4dagogik sowie Biologie, Universit\u00e4t K\u00f6ln<\/li>\n<\/ul>\n\n\n\n<h2 class=\"wp-block-heading\">Beruflicher Werdegang<\/h2>\n\n\n\n<ul class=\"wp-block-list\">\n<li><strong>2006 &#8211; 2009<\/strong><br>Lehrbeauftragte des Zentrums f\u00fcr Disability Studies (ZeDiS), Universit\u00e4t Hamburg<\/li>\n\n\n\n<li><strong>2007 &#8211; 2009<\/strong><br>Wissenschaftliche Hilfskraft (Honorarkraft) im Zentrum f\u00fcr Disability Studies (ZeDiS), Universit\u00e4t Hamburg<\/li>\n\n\n\n<li><strong>2009 &#8211; 2014<\/strong><br>Wissenschaftliche Mitarbeiterin im Zentrum f\u00fcr Disability Studies (ZeDiS), Universit\u00e4t Hamburg<\/li>\n\n\n\n<li><strong>seit 2014<\/strong><br>Wissenschaftliche Mitarbeiterin im Zentrum f\u00fcr Disability Studies (ZeDiS), Evangelische Hochschule f\u00fcr Soziale Arbeit &amp; Diakonie, Hamburg<\/li>\n<\/ul>\n\n\n\n<h2 class=\"wp-block-heading\">Seminare<\/h2>\n\n\n\n<ul class=\"wp-block-list\">\n<li><strong>Wintersemester 2006\/07<\/strong><br>Was Helfen bedeutet: eine kritische Auseinandersetzung mit der Helferrolle und ihre Auswirkungen auf von Behinderung betroffene Menschen<\/li>\n\n\n\n<li><strong>Wintersemester 2006\/07<\/strong><br>Seminar zur Ringvorlesung &#8222;Disability Studies II&#8220;<\/li>\n\n\n\n<li><strong>Sommersemester 2007<\/strong><br>Modelle von Behinderung und p\u00e4dagogische Behinderungsbegriffe aus Sicht der Disability Studies<\/li>\n\n\n\n<li><strong>Sommersemester 2007<\/strong><br>Behinderung ohne Behinderte!? Perspektiven der Disability Studies &#8211; Vertiefung<\/li>\n\n\n\n<li><strong>Wintersemester 2007\/08<\/strong><br>Schule und Behinderung &#8211; behindernde Schule!?<\/li>\n\n\n\n<li><strong>Sommersemester 2008<\/strong><br>Inklusion &#8211; eine Utopie? Aspekte und Beitr\u00e4ge unter Ber\u00fccksichtigung der Disability Studies<\/li>\n\n\n\n<li><strong>Wintersemester 2008\/09<\/strong><br>Zukunftswerkstatt Inklusion<\/li>\n<\/ul>\n<\/div>\n<\/div>\n","protected":false},"excerpt":{"rendered":"<p>Studium Beruflicher Werdegang Seminare<\/p>\n","protected":false},"author":1,"featured_media":0,"parent":54,"menu_order":100,"comment_status":"closed","ping_status":"closed","template":"templates\/full-width.php","meta":{"inline_featured_image":false,"iawp_total_views":647,"footnotes":""},"class_list":["post-78","page","type-page","status-publish","hentry","entry"],"_links":{"self":[{"href":"https:\/\/www.zedis-hamburg.de\/index.php\/wp-json\/wp\/v2\/pages\/78","targetHints":{"allow":["GET"]}}],"collection":[{"href":"https:\/\/www.zedis-hamburg.de\/index.php\/wp-json\/wp\/v2\/pages"}],"about":[{"href":"https:\/\/www.zedis-hamburg.de\/index.php\/wp-json\/wp\/v2\/types\/page"}],"author":[{"embeddable":true,"href":"https:\/\/www.zedis-hamburg.de\/index.php\/wp-json\/wp\/v2\/users\/1"}],"replies":[{"embeddable":true,"href":"https:\/\/www.zedis-hamburg.de\/index.php\/wp-json\/wp\/v2\/comments?post=78"}],"version-history":[{"count":6,"href":"https:\/\/www.zedis-hamburg.de\/index.php\/wp-json\/wp\/v2\/pages\/78\/revisions"}],"predecessor-version":[{"id":664,"href":"https:\/\/www.zedis-hamburg.de\/index.php\/wp-json\/wp\/v2\/pages\/78\/revisions\/664"}],"up":[{"embeddable":true,"href":"https:\/\/www.zedis-hamburg.de\/index.php\/wp-json\/wp\/v2\/pages\/54"}],"wp:attachment":[{"href":"https:\/\/www.zedis-hamburg.de\/index.php\/wp-json\/wp\/v2\/media?parent=78"}],"curies":[{"name":"wp","href":"https:\/\/api.w.org\/{rel}","templated":true}]}}