{"id":994,"date":"2024-10-01T09:48:53","date_gmt":"2024-10-01T07:48:53","guid":{"rendered":"https:\/\/www.zedis-hamburg.de\/?page_id=994"},"modified":"2024-10-01T09:48:54","modified_gmt":"2024-10-01T07:48:54","slug":"disability-and-transvisibility-ueber-das-starren-und-angestarrt-werden","status":"publish","type":"page","link":"https:\/\/www.zedis-hamburg.de\/index.php\/veranstaltungen\/studium\/wintersemester-2024-25\/disability-and-transvisibility-ueber-das-starren-und-angestarrt-werden\/","title":{"rendered":"Disability and Trans*Visibility: \u00dcber das Starren und Angestarrt werden"},"content":{"rendered":"\n<p>Seminarleitung: Ilija Tolj<\/p>\n\n\n\n<p>Kompaktseminar: Vorbesprechung Donnerstag, 24.10.2024, 16.45-18.15 Uhr<\/p>\n\n\n\n<p>Termine: 06.\/07.12.2024 und 17.\/18.01.2025, jeweils 10.00-17.00 Uhr<\/p>\n\n\n\n<p>digital via Zoom-Videokonferenz<\/p>\n\n\n\n<p>\u201cJeder Tag ist eine Performance, bei der ich meinen K\u00f6rper als kinetische Skulptur in das Bewusstsein der Menschen bringe, mit denen ich t\u00e4glich im Vorbeigehen zu tun habe. Ich werde jeden Tag auf der Stra\u00dfe und in der U-Bahn angestarrt und angehalten. Da ich durch die Art und Weise, wie ich mich pr\u00e4sentiere, eine anstarrbare Person bin.\u201d &#8211; Sky Cubacub<\/p>\n\n\n\n<p>Die Macht und Bedeutung von Blicken und wie diese das Leben von Menschen mit Behinderung und Trans* Personen pr\u00e4gen sind zentraler Bestandteil dieses Seminars. Ausgehend von unterschiedlichen Werken und der Arbeit von Kollektiven aus dem Disability Justice sowie Trans* und Queeren Kontext werden die Parallelen derer Darstellung und der daraus resultierende Einfluss auf die gelebten Erfahrungen behinderter und Trans* Personen beleuchtet.<\/p>\n\n\n\n<p>Hierbei werden zwei Kernbereiche in der Tiefe betrachtet:<\/p>\n\n\n\n<p>Die Mediale Darstellung von Menschen mit Behinderung sowie Trans* Personen \u00fcber die Jahrzehnte bis heute. Hier werden einzelne Beispiele beleuchtet und analysiert. Welche Narrative pr\u00e4gen bis heute die mangelnde und realit\u00e4tsferne Repr\u00e4sentation von Menschen mit Behinderung und Trans* Personen in den Medien?<\/p>\n\n\n\n<p>Welche Rolle spielt Repr\u00e4sentation und warum bedeutet Trans* und Disability Visibility nicht gleich Liberation also Befreiung?<\/p>\n\n\n\n<p>Der andere Teil des Seminars bezieht sich auf Sichtbarkeit im \u00f6ffentlichen Raum, welche H\u00fcrden und Probleme es gibt und welche Rolle Barrierefreiheit, Kunst und Institutionen dabei spielen. Hier werden praxisnahe Beispiele f\u00fcr mangelnde Barrierefreiheit, der Einfluss der UN-Behindertenrechtskonvention und m\u00f6gliche Vorgehensweisen zur Verbesserung der Situation er\u00f6rtert. Wie w\u00fcrde unsere Stadt aussehen, wenn Architekt*innen, Planer*innen und Entscheidungstr\u00e4ger*innen nicht \u00fcberwiegend Wei\u00df, nicht-behindert Cis und Hetero w\u00e4ren?<\/p>\n\n\n\n<p>Die Studierenden werden dazu eingeladen, basierend auf den erlernten Erkenntnissen intersektional gedachte Utopien zu kreieren und in den Diskurs zu treten.<\/p>\n\n\n  <script>\r\n        function InvalidMsg(textbox) {\r\n  \r\n            if (textbox.value === '') {\r\n                textbox.setCustomValidity\r\n                      ('Dieses Feld ist eine Pflichtangabe. Bitte f\u00fcllen Sie das Feld aus!');\r\n            } else if (textbox.validity.typeMismatch) {\r\n                textbox.setCustomValidity\r\n                      ('Fehler in der Mail-Adresse. Bitte geben Sie eine g\u00fcltige E-Mail-Adresse ein!');\r\n            } else {\r\n                textbox.setCustomValidity('');\r\n            }\r\n  \r\n            return true;\r\n        }\r\n    <\/script><div id=\"form-start\"><\/div><h2 class=\"reg-form\"><small>Anmeldung zur Veranstaltung: <\/small>Disability and Trans*Visibility: \u00dcber das Starren und Angestarrt werden<\/h2>\r\n            <form id=\"\" class=\"autogen clearfix\" action=\"\/index.php\/wp-json\/wp\/v2\/pages\/994#form-start\" method=\"post\" onsubmit=\"return chkFormular();\" >\r\n            \r\n                     <div><input type=\"hidden\" name=\"zedis_user_veranstaltung\" id=\"zedis_user_veranstaltung\"  value=\"\"><\/div>\r\n                    <p class=\"formrow formrow-1 \">\r\n                         <label for=\"zedis_user_anrede\" id=\"zedis_user_anrede_label\"  >Anrede<\/label> \r\n                        <select name=\"zedis_user_anrede\" id=\"zedis_user_anrede\">\r\n                            <option value=\"\"><\/option>\r\n                            <option value=\"2\">Frau<\/option>\r\n                            <option value=\"1\">Herr<\/option>\r\n                            <option value=\"3\">keine Angabe<\/option>\r\n                        <\/select>\r\n                    <\/p>\r\n                    <p class=\"formrow formrow-2 \">\r\n                         <label for=\"zedis_user_vorname\" id=\"zedis_user_vorname_label\"  >Vorname<strong title=\"Pflichtangabe\" class=\"pflicht\">&nbsp;*<\/strong><\/label> \r\n                        <input type=\"text\"\r\n                         name=\"zedis_user_vorname\" \r\n                         id=\"zedis_user_vorname\"  \r\n                         size=\"30\" \r\n                         placeholder=\"Vorname\"\r\n                         required oninvalid=\"InvalidMsg(this);\" oninput=\"this.setCustomValidity('')\"\r\n                          value=\"\"  maxlength=\"50\">\r\n                     <script type=\"text\/javascript\">\r\n                        check_element[0] = \"zedis_user_vorname\";\r\n                     <\/script>\r\n                     <script type=\"text\/javascript\">\r\n                        check_min[0] = \"zedis_user_vorname\";\r\n                        check_min_len[0] = \"2\";\r\n                     <\/script>\r\n                    <\/p>\r\n                    <p class=\"formrow formrow-3 \">\r\n                         <label for=\"zedis_user_nachname\" id=\"zedis_user_nachname_label\"  >Nachname<strong title=\"Pflichtangabe\" class=\"pflicht\">&nbsp;*<\/strong><\/label> \r\n                        <input type=\"text\"\r\n                         name=\"zedis_user_nachname\" \r\n                         id=\"zedis_user_nachname\"  \r\n                         size=\"30\" \r\n                         placeholder=\"Nachname\"\r\n                         required oninvalid=\"InvalidMsg(this);\" oninput=\"this.setCustomValidity('')\"\r\n                          value=\"\"  maxlength=\"50\">\r\n                     <script type=\"text\/javascript\">\r\n                        check_element[1] = \"zedis_user_nachname\";\r\n                     <\/script>\r\n                     <script type=\"text\/javascript\">\r\n                        check_min[1] = \"zedis_user_nachname\";\r\n                        check_min_len[1] = \"2\";\r\n                     <\/script>\r\n                    <\/p>\r\n                    <p class=\"formrow formrow-4 \">\r\n                         <label for=\"zedis_user_strasse\" id=\"zedis_user_strasse_label\"  >Stra\u00dfe<\/label> \r\n                        <input type=\"text\"\r\n                         name=\"zedis_user_strasse\" \r\n                         id=\"zedis_user_strasse\"  \r\n                         size=\"30\" \r\n                         placeholder=\"Stra\u00dfe\"\r\n                         \r\n                          value=\"\"  maxlength=\"50\">\r\n                     <script type=\"text\/javascript\">\r\n                        check_min[2] = \"zedis_user_strasse\";\r\n                        check_min_len[2] = \"2\";\r\n                     <\/script>\r\n                    <\/p>\r\n                    <p class=\"formrow formrow-5 \">\r\n                         <label for=\"zedis_user_hausnummer\" id=\"zedis_user_hausnummer_label\"  >Hausnummer<\/label> \r\n                        <input type=\"text\"\r\n                         name=\"zedis_user_hausnummer\" \r\n                         id=\"zedis_user_hausnummer\"  \r\n                         size=\"30\" \r\n                         placeholder=\"Hausnummer\"\r\n                         \r\n                          value=\"\"  maxlength=\"20\">\r\n                     <script type=\"text\/javascript\">\r\n                        check_min[3] = \"zedis_user_hausnummer\";\r\n                        check_min_len[3] = \"1\";\r\n                     <\/script>\r\n                    <\/p>\r\n                    <p class=\"formrow formrow-6 \">\r\n                         <label for=\"zedis_user_plz\" id=\"zedis_user_plz_label\"  >Postleitzahl<\/label> \r\n                        <input type=\"text\"\r\n                         name=\"zedis_user_plz\" \r\n                         id=\"zedis_user_plz\"  \r\n                         size=\"10\" \r\n                         placeholder=\"Postleitzahl\"\r\n                         \r\n                          value=\"\"  maxlength=\"10\">\r\n                     <script type=\"text\/javascript\">\r\n                        check_min[4] = \"zedis_user_plz\";\r\n                        check_min_len[4] = \"5\";\r\n                     <\/script>\r\n                    <\/p>\r\n                    <p class=\"formrow formrow-7 \">\r\n                         <label for=\"zedis_user_ort\" id=\"zedis_user_ort_label\"  >Ort<\/label> \r\n                        <input type=\"text\"\r\n                         name=\"zedis_user_ort\" \r\n                         id=\"zedis_user_ort\"  \r\n                         size=\"30\" \r\n                         placeholder=\"Stadt\"\r\n                         \r\n                          value=\"\"  maxlength=\"50\">\r\n                     <script type=\"text\/javascript\">\r\n                        check_min[5] = \"zedis_user_ort\";\r\n                        check_min_len[5] = \"2\";\r\n                     <\/script>\r\n                    <\/p>\r\n                    <p class=\"formrow formrow-8 \">\r\n                         <label for=\"zedis_user_email\" id=\"zedis_user_email_label\"  >E-Mail-Adresse<strong title=\"Pflichtangabe\" class=\"pflicht\">&nbsp;*<\/strong><\/label> \r\n                        <input type=\"email\"\r\n                         name=\"zedis_user_email\" \r\n                         id=\"zedis_user_email\"  \r\n                         size=\"30\" \r\n                         placeholder=\"E-Mail-Adresse\"\r\n                         required oninvalid=\"InvalidMsg(this);\" oninput=\"this.setCustomValidity('')\"\r\n                          value=\"\"  maxlength=\"75\" pattern=\"[a-z0-9._%+-]+@[a-z0-9.-]+\\.[a-z]{2,4}$\" >\r\n                     <script type=\"text\/javascript\">\r\n                        check_element[2] = \"zedis_user_email\";\r\n                     <\/script>\r\n                     <script type=\"text\/javascript\">\r\n                        check_mail[0] = \"zedis_user_email\";\r\n                     <\/script>\r\n                     <script type=\"text\/javascript\">\r\n                        check_min[5] = \"zedis_user_ort\";\r\n                        check_min_len[5] = \"2\";\r\n                     <\/script>\r\n                    <\/p>\r\n                    <p class=\"formrow formrow-9 \">\r\n                         <label for=\"zedis_user_phone\" id=\"zedis_user_phone_label\"  >Telefon<\/label> \r\n                        <input type=\"tel\"\r\n                         name=\"zedis_user_phone\" \r\n                         id=\"zedis_user_phone\"  \r\n                         size=\"30\" \r\n                         placeholder=\"Telefon\"\r\n                         \r\n                          value=\"\"  maxlength=\"50\">\r\n                     <script type=\"text\/javascript\">\r\n                        check_min[6] = \"zedis_user_phone\";\r\n                        check_min_len[6] = \"2\";\r\n                     <\/script>\r\n                    <\/p>\r\n                    <p class=\"formrow formrow-10 \">\r\n                         <label for=\"zedis_user_beruf\" id=\"zedis_user_beruf_label\"  >Berufliche Situation <small>(Studium, besch\u00e4ftigt, arbeitslos, Rente etc.)<\/small><strong title=\"Pflichtangabe\" class=\"pflicht\">&nbsp;*<\/strong><\/label> \r\n                        <input type=\"text\"\r\n                         name=\"zedis_user_beruf\" \r\n                         id=\"zedis_user_beruf\"  \r\n                         size=\"30\" \r\n                         placeholder=\"Beruf\"\r\n                         required oninvalid=\"InvalidMsg(this);\" oninput=\"this.setCustomValidity('')\"\r\n                          value=\"\"  maxlength=\"50\">\r\n                     <script type=\"text\/javascript\">\r\n                        check_element[3] = \"zedis_user_beruf\";\r\n                     <\/script>\r\n                     <script type=\"text\/javascript\">\r\n                        check_min[7] = \"zedis_user_beruf\";\r\n                        check_min_len[7] = \"2\";\r\n                     <\/script>\r\n                    <\/p>\r\n                    <p class=\"formrow formrow-11 \">\r\n                         <label for=\"zedis_user_arbeitgeber\" id=\"zedis_user_arbeitgeber_label\"  >Name des Arbeitgebers \/ der Bildungseinrichtung<\/label> \r\n                        <input type=\"text\"\r\n                         name=\"zedis_user_arbeitgeber\" \r\n                         id=\"zedis_user_arbeitgeber\"  \r\n                         size=\"30\" \r\n                         placeholder=\"Firma\"\r\n                         \r\n                          value=\"\"  maxlength=\"50\">\r\n                     <script type=\"text\/javascript\">\r\n                        check_min[8] = \"zedis_user_arbeitgeber\";\r\n                        check_min_len[8] = \"2\";\r\n                     <\/script>\r\n                    <\/p>\r\n                    <p class=\"formrow formrow-12 \">\r\n                         <label for=\"zedis_user_studiengang\" id=\"zedis_user_studiengang_label\"  >Studiengang \/ Fachrichtung<strong title=\"Pflichtangabe\" class=\"pflicht\">&nbsp;*<\/strong><\/label> \r\n                        <input type=\"text\"\r\n                         name=\"zedis_user_studiengang\" \r\n                         id=\"zedis_user_studiengang\"  \r\n                         size=\"30\" \r\n                         placeholder=\"Studiengang\"\r\n                         required oninvalid=\"InvalidMsg(this);\" oninput=\"this.setCustomValidity('')\"\r\n                          value=\"\"  maxlength=\"255\">\r\n                     <script type=\"text\/javascript\">\r\n                        check_element[4] = \"zedis_user_studiengang\";\r\n                     <\/script>\r\n                     <script type=\"text\/javascript\">\r\n                        check_min[9] = \"zedis_user_studiengang\";\r\n                        check_min_len[9] = \"2\";\r\n                     <\/script>\r\n                    <\/p>\r\n                    <p class=\"formrow formrow-13 \">\r\n                         <label for=\"zedis_user_leistungspunkte\" id=\"zedis_user_leistungspunkte_label\"  >Angestrebte H\u00f6he der Leistungspunkte im Seminar<\/label> \r\n                        <select name=\"zedis_user_leistungspunkte\" id=\"zedis_user_leistungspunkte\">\r\n                            <option value=\"\"><\/option>\r\n                            <option value=\"1\">1<\/option>\r\n                            <option value=\"2\">2<\/option>\r\n                            <option value=\"3\">3<\/option>\r\n                            <option value=\"4\">4<\/option>\r\n                            <option value=\"5\">5<\/option>\r\n                            <option value=\"6\">6<\/option>\r\n                        <\/select>\r\n                    <\/p>\r\n                    <p class=\"formrow formrow-14 \">\r\n                         <label for=\"zedis_user_message\" id=\"zedis_user_message_label\"  >Sonstige Anmerkungen<\/label> \r\n                        <textarea cols=\"40\" rows=\"4\" name=\"zedis_user_message\" id=\"zedis_user_message\"><\/textarea>\r\n                     <script type=\"text\/javascript\">\r\n                        check_min[10] = \"zedis_user_message\";\r\n                        check_min_len[10] = \"3\";\r\n                     <\/script>\r\n                     <script type=\"text\/javascript\">\r\n                        check_max[0] = \"zedis_user_message\";\r\n                        check_max_len[0] = \"1000\";\r\n                     <\/script>\r\n                    <\/p>\r\n\r\n                    <p class=\"formrow submitrow\">\r\n                        <input type=\"submit\" class=\"form_submit\" name=\"zedis_user_submit\" id=\"zedis_user_submit\"  value=\"Jetzt anmelden\">\r\n                    <\/p>\r\n                    \r\n                    <div><input type=\"hidden\" name=\"zedis_user_submit\" value=\"Jetzt registrieren\"><\/div>\r\n\r\n            <\/form>\r\n            \n","protected":false},"excerpt":{"rendered":"<p>Seminarleitung: Ilija Tolj Kompaktseminar: Vorbesprechung Donnerstag, 24.10.2024, 16.45-18.15 Uhr Termine: 06.\/07.12.2024 und 17.\/18.01.2025, jeweils 10.00-17.00 Uhr digital via Zoom-Videokonferenz \u201cJeder Tag ist eine Performance, bei&#8230;<\/p>\n<div class=\"more-link-wrapper\"><a class=\"more-link\" href=\"https:\/\/www.zedis-hamburg.de\/index.php\/veranstaltungen\/studium\/wintersemester-2024-25\/disability-and-transvisibility-ueber-das-starren-und-angestarrt-werden\/\">Weiterlesen<span class=\"screen-reader-text\">Disability and Trans*Visibility: \u00dcber das Starren und Angestarrt werden<\/span><\/a><\/div>\n","protected":false},"author":3,"featured_media":0,"parent":979,"menu_order":0,"comment_status":"closed","ping_status":"closed","template":"","meta":{"inline_featured_image":false,"iawp_total_views":27,"footnotes":""},"class_list":["post-994","page","type-page","status-publish","hentry","entry"],"_links":{"self":[{"href":"https:\/\/www.zedis-hamburg.de\/index.php\/wp-json\/wp\/v2\/pages\/994","targetHints":{"allow":["GET"]}}],"collection":[{"href":"https:\/\/www.zedis-hamburg.de\/index.php\/wp-json\/wp\/v2\/pages"}],"about":[{"href":"https:\/\/www.zedis-hamburg.de\/index.php\/wp-json\/wp\/v2\/types\/page"}],"author":[{"embeddable":true,"href":"https:\/\/www.zedis-hamburg.de\/index.php\/wp-json\/wp\/v2\/users\/3"}],"replies":[{"embeddable":true,"href":"https:\/\/www.zedis-hamburg.de\/index.php\/wp-json\/wp\/v2\/comments?post=994"}],"version-history":[{"count":2,"href":"https:\/\/www.zedis-hamburg.de\/index.php\/wp-json\/wp\/v2\/pages\/994\/revisions"}],"predecessor-version":[{"id":996,"href":"https:\/\/www.zedis-hamburg.de\/index.php\/wp-json\/wp\/v2\/pages\/994\/revisions\/996"}],"up":[{"embeddable":true,"href":"https:\/\/www.zedis-hamburg.de\/index.php\/wp-json\/wp\/v2\/pages\/979"}],"wp:attachment":[{"href":"https:\/\/www.zedis-hamburg.de\/index.php\/wp-json\/wp\/v2\/media?parent=994"}],"curies":[{"name":"wp","href":"https:\/\/api.w.org\/{rel}","templated":true}]}}